{"id":13,"date":"2023-03-01T12:39:22","date_gmt":"2023-03-01T09:39:22","guid":{"rendered":"https:\/\/lev.com.tr\/?page_id=13"},"modified":"2023-03-17T11:05:52","modified_gmt":"2023-03-17T08:05:52","slug":"home","status":"publish","type":"page","link":"https:\/\/lev.com.tr\/","title":{"rendered":"Anasayfa"},"content":{"rendered":"\n<div class=\"wp-block-cover alignfull is-light hestia-clear-top-padding\"><span aria-hidden=\"true\" class=\"wp-block-cover__background has-white-background-color has-background-dim-100 has-background-dim\"><\/span><div class=\"wp-block-cover__inner-container\">\n<p><\/p>\n\n\n\n<h2 class=\"has-text-align-center has-text-color\" style=\"color:#3c4858\">\u00c7evre Dan\u0131\u015fmanl\u0131k Hizmetlerimiz<\/h2>\n\n\n\n<div style=\"height:40px\" aria-hidden=\"true\" class=\"wp-block-spacer\"><\/div>\n\n\n\n<div class=\"is-layout-flex wp-container-7 wp-block-columns container\">\n<div class=\"is-layout-flow wp-block-column\"><div class=\"wp-block-image\">\n<figure class=\"aligncenter size-full\"><img decoding=\"async\" loading=\"lazy\" width=\"171\" height=\"171\" src=\"https:\/\/lev.com.tr\/wp-content\/uploads\/2023\/03\/5-edited.jpg\" alt=\"\" class=\"wp-image-268\" srcset=\"https:\/\/lev.com.tr\/wp-content\/uploads\/2023\/03\/5-edited.jpg 171w, https:\/\/lev.com.tr\/wp-content\/uploads\/2023\/03\/5-edited-150x150.jpg 150w\" sizes=\"(max-width: 171px) 100vw, 171px\" \/><\/figure><\/div>\n\n\n<h5 class=\"has-text-align-center has-text-color\" style=\"color:#3c4858;font-size:18px\">\u00c7EVRE DANI\u015eMANLIK<\/h5>\n\n\n\n<p class=\"has-text-align-center has-text-color\" style=\"color:#999999;font-size:14px\">Lev \u00c7evre Dan\u0131\u015fmanl\u0131k, \u00c7evre ve \u015eehircilik Bakanl\u0131\u011f\u0131&#8217;ndan alm\u0131\u015f oldu\u011fu izin, yasa ve mevzuatlara dayanarak en uygun \u015fekilde i\u015flemlerin ger\u00e7ekle\u015ftirilmesine yard\u0131mc\u0131 olmaktad\u0131r.<\/p>\n\n\n\n<div style=\"height:25px\" aria-hidden=\"true\" class=\"wp-block-spacer\"><\/div>\n<\/div>\n\n\n\n<div class=\"is-layout-flow wp-block-column\"><div class=\"wp-block-image\">\n<figure class=\"aligncenter size-full\"><img decoding=\"async\" loading=\"lazy\" width=\"171\" height=\"171\" src=\"https:\/\/lev.com.tr\/wp-content\/uploads\/2023\/03\/6-edited.jpg\" alt=\"\" class=\"wp-image-266\" srcset=\"https:\/\/lev.com.tr\/wp-content\/uploads\/2023\/03\/6-edited.jpg 171w, https:\/\/lev.com.tr\/wp-content\/uploads\/2023\/03\/6-edited-150x150.jpg 150w\" sizes=\"(max-width: 171px) 100vw, 171px\" \/><\/figure><\/div>\n\n\n<h5 class=\"has-text-align-center has-text-color\" style=\"color:#3c4858;font-size:18px\">EM\u0130SYON-\u0130M\u0130SYON \u00d6L\u00c7\u00dcMLER\u0130<\/h5>\n\n\n\n<p class=\"has-text-align-center has-text-color\" style=\"color:#999999;font-size:14px\">\u00c7evre Kontrol Laboratuvar\u0131m\u0131zda, konusunda uzman kadromuzla &#8220;Sanayi Kaynakl\u0131 Hava Kirlili\u011fi Kontrol\u00fc Y\u00f6netmeli\u011fi\u201d kapsam\u0131nda emisyon \u00f6l\u00e7\u00fcm\u00fc, imisyon \u00f6l\u00e7\u00fcm\u00fc (hava kalitesi) ve hava kalitesi modellemeleri ger\u00e7ekle\u015ftirilmektedir.<\/p>\n\n\n\n<div style=\"height:25px\" aria-hidden=\"true\" class=\"wp-block-spacer\"><\/div>\n<\/div>\n\n\n\n<div class=\"is-layout-flow wp-block-column\"><div class=\"wp-block-image\">\n<figure class=\"aligncenter size-full\"><img decoding=\"async\" loading=\"lazy\" width=\"178\" height=\"178\" src=\"https:\/\/lev.com.tr\/wp-content\/uploads\/2023\/03\/3-edited.jpg\" alt=\"\" class=\"wp-image-264\" srcset=\"https:\/\/lev.com.tr\/wp-content\/uploads\/2023\/03\/3-edited.jpg 178w, https:\/\/lev.com.tr\/wp-content\/uploads\/2023\/03\/3-edited-150x150.jpg 150w\" sizes=\"(max-width: 178px) 100vw, 178px\" \/><\/figure><\/div>\n\n\n<h5 class=\"has-text-align-center has-text-color\" style=\"color:#3c4858;font-size:18px\">\u00c7ED RAPORU<\/h5>\n\n\n\n<p class=\"has-text-align-center has-text-color\" style=\"color:#999999;font-size:14px\">(\u00c7ED), ger\u00e7ekle\u015ftirilmesi planlanan projelerin \u00e7evreye olabilecek olumlu ve olumsuz etkilerinin belirlenmesinde yap\u0131lan t\u00fcm \u00e7al\u0131\u015fmalar\u0131n b\u00fct\u00fcn\u00fcd\u00fcr.<\/p>\n\n\n\n<div style=\"height:25px\" aria-hidden=\"true\" class=\"wp-block-spacer\"><\/div>\n<\/div>\n\n\n\n<div class=\"is-layout-flow wp-block-column\"><div class=\"wp-block-image\">\n<figure class=\"aligncenter size-full\"><img decoding=\"async\" loading=\"lazy\" width=\"171\" height=\"171\" src=\"https:\/\/lev.com.tr\/wp-content\/uploads\/2023\/03\/2-edited.jpg\" alt=\"\" class=\"wp-image-262\" srcset=\"https:\/\/lev.com.tr\/wp-content\/uploads\/2023\/03\/2-edited.jpg 171w, https:\/\/lev.com.tr\/wp-content\/uploads\/2023\/03\/2-edited-150x150.jpg 150w\" sizes=\"(max-width: 171px) 100vw, 171px\" \/><\/figure><\/div>\n\n\n<h5 class=\"has-text-align-center has-text-color\" style=\"color:#3c4858;font-size:18px\">\u00c7EVRESEL R\u0130SK ANAL\u0130Z\u0130<\/h5>\n\n\n\n<p class=\"has-text-align-center has-text-color\" style=\"color:#999999;font-size:14px\">\u00c7evresel Risk De\u011ferlendirmesi, sistematik metotlar ile \u00e7al\u0131\u015fma ortam\u0131nda var olan \u00e7evresel tehlikeleri belirlemek, riskleri ortaya \u00e7\u0131karmak ve riskleri kontrol alt\u0131na almak i\u00e7in uygun nitel ve\/veya nicel y\u00f6ntemler kullanarak uygulad\u0131\u011f\u0131m\u0131z \u00e7al\u0131\u015fmalar\u0131n b\u00fct\u00fcn\u00fcd\u00fcr.<\/p>\n\n\n\n<div style=\"height:25px\" aria-hidden=\"true\" class=\"wp-block-spacer\"><\/div>\n<\/div>\n\n\n\n<div class=\"is-layout-flow wp-block-column\"><div class=\"wp-block-image\">\n<figure class=\"aligncenter size-full\"><img decoding=\"async\" loading=\"lazy\" width=\"171\" height=\"171\" src=\"https:\/\/lev.com.tr\/wp-content\/uploads\/2023\/03\/4-edited.jpg\" alt=\"\" class=\"wp-image-260\" srcset=\"https:\/\/lev.com.tr\/wp-content\/uploads\/2023\/03\/4-edited.jpg 171w, https:\/\/lev.com.tr\/wp-content\/uploads\/2023\/03\/4-edited-150x150.jpg 150w\" sizes=\"(max-width: 171px) 100vw, 171px\" \/><\/figure><\/div>\n\n\n<h5 class=\"has-text-align-center has-text-color\" style=\"color:#3c4858;font-size:18px\">ATIK Y\u00d6NET\u0130M\u0130<\/h5>\n\n\n\n<p class=\"has-text-align-center has-text-color\" style=\"color:#999999;font-size:14px\">At\u0131\u011f\u0131n kayna\u011f\u0131nda azalt\u0131lmas\u0131, \u00f6zelli\u011fine g\u00f6re ayr\u0131lmas\u0131, toplanmas\u0131, ge\u00e7ici depolanmas\u0131, ara depolanmas\u0131, geri kazan\u0131lmas\u0131, ta\u015f\u0131nmas\u0131, bertaraf\u0131 ve bertaraf i\u015flemleri sonras\u0131 kontrol\u00fc ve benzeri i\u015flemleri i\u00e7eren bir y\u00f6netim bi\u00e7imidir.<\/p>\n\n\n\n<div style=\"height:25px\" aria-hidden=\"true\" class=\"wp-block-spacer\"><\/div>\n<\/div>\n\n\n\n<div class=\"is-layout-flow wp-block-column\"><div class=\"wp-block-image\">\n<figure class=\"aligncenter size-full\"><img decoding=\"async\" loading=\"lazy\" width=\"360\" height=\"360\" src=\"https:\/\/lev.com.tr\/wp-content\/uploads\/2023\/03\/png-transparent-athus-ambiental-waste-management-recycling-zero-waste-others-miscellaneous-recycling-waste-thumbnail.png\" alt=\"\" class=\"wp-image-256\" srcset=\"https:\/\/lev.com.tr\/wp-content\/uploads\/2023\/03\/png-transparent-athus-ambiental-waste-management-recycling-zero-waste-others-miscellaneous-recycling-waste-thumbnail.png 360w, https:\/\/lev.com.tr\/wp-content\/uploads\/2023\/03\/png-transparent-athus-ambiental-waste-management-recycling-zero-waste-others-miscellaneous-recycling-waste-thumbnail-300x300.png 300w, https:\/\/lev.com.tr\/wp-content\/uploads\/2023\/03\/png-transparent-athus-ambiental-waste-management-recycling-zero-waste-others-miscellaneous-recycling-waste-thumbnail-150x150.png 150w\" sizes=\"(max-width: 360px) 100vw, 360px\" \/><\/figure><\/div>\n\n\n<h5 class=\"has-text-align-center has-text-color\" style=\"color:#3c4858;font-size:18px\">SIFIR ATIK<\/h5>\n\n\n\n<p class=\"has-text-align-center has-text-color\" style=\"color:#999999;font-size:14px\">Profesyonel ekibimizle s\u0131f\u0131r at\u0131k sistemi kurarak \u00c7evre \u015eehircilik Bakanl\u0131\u011f\u0131 taraf\u0131ndan onayl\u0131 S\u0131f\u0131r At\u0131k Belgesi almaktay\u0131z.<\/p>\n\n\n\n<div style=\"height:25px\" aria-hidden=\"true\" class=\"wp-block-spacer\"><\/div>\n<\/div>\n<\/div>\n\n\n\n<div style=\"height:40px\" aria-hidden=\"true\" class=\"wp-block-spacer\"><\/div>\n<\/div><\/div>\n\n\n\n<div class=\"is-layout-flex wp-container-10 wp-block-columns container\">\n<div class=\"is-layout-flow wp-block-column col-md-5\">\n<div style=\"height:55px\" aria-hidden=\"true\" class=\"wp-block-spacer\"><\/div>\n\n\n\n<h2>LEV \u00c7EVRE DANI\u015eMANLIK HAKKINDA<\/h2>\n\n\n\n<p>Lev \u00c7evre Dan\u0131\u015fmanl\u0131k olarak 2010 y\u0131l\u0131ndan g\u00fcn\u00fcm\u00fcze \u00e7evre dan\u0131\u015fmanl\u0131k , \u00f6l\u00e7\u00fcm i\u015flemleri , laboratuvar analizi alanlar\u0131nda hizmet vermektedir.<\/p>\n<\/div>\n\n\n\n<div class=\"is-layout-flow wp-block-column col-md-6 col-md-offset1\">\n<div style=\"height:55px\" aria-hidden=\"true\" class=\"wp-block-spacer\"><\/div>\n\n\n\n<figure class=\"wp-block-image size-large\"><img decoding=\"async\" src=\"https:\/\/lev.com.tr\/wp-content\/themes\/hestia\/assets\/img\/about-content.png\" alt=\"\" class=\"wp-image-81\"\/><\/figure>\n\n\n\n<p><\/p>\n<\/div>\n<\/div>\n","protected":false},"excerpt":{"rendered":"<p>LEV \u00c7EVRE DANI\u015eMANLIK HAKKINDA Lev \u00c7evre Dan\u0131\u015fmanl\u0131k olarak 2010 y\u0131l\u0131ndan g\u00fcn\u00fcm\u00fcze \u00e7evre dan\u0131\u015fmanl\u0131k , \u00f6l\u00e7\u00fcm i\u015flemleri , laboratuvar analizi alanlar\u0131nda hizmet vermektedir.<\/p>\n","protected":false},"author":1,"featured_media":64,"parent":0,"menu_order":0,"comment_status":"closed","ping_status":"closed","template":"","meta":[],"_links":{"self":[{"href":"https:\/\/lev.com.tr\/index.php?rest_route=\/wp\/v2\/pages\/13"}],"collection":[{"href":"https:\/\/lev.com.tr\/index.php?rest_route=\/wp\/v2\/pages"}],"about":[{"href":"https:\/\/lev.com.tr\/index.php?rest_route=\/wp\/v2\/types\/page"}],"author":[{"embeddable":true,"href":"https:\/\/lev.com.tr\/index.php?rest_route=\/wp\/v2\/users\/1"}],"replies":[{"embeddable":true,"href":"https:\/\/lev.com.tr\/index.php?rest_route=%2Fwp%2Fv2%2Fcomments&post=13"}],"version-history":[{"count":15,"href":"https:\/\/lev.com.tr\/index.php?rest_route=\/wp\/v2\/pages\/13\/revisions"}],"predecessor-version":[{"id":269,"href":"https:\/\/lev.com.tr\/index.php?rest_route=\/wp\/v2\/pages\/13\/revisions\/269"}],"wp:featuredmedia":[{"embeddable":true,"href":"https:\/\/lev.com.tr\/index.php?rest_route=\/wp\/v2\/media\/64"}],"wp:attachment":[{"href":"https:\/\/lev.com.tr\/index.php?rest_route=%2Fwp%2Fv2%2Fmedia&parent=13"}],"curies":[{"name":"wp","href":"https:\/\/api.w.org\/{rel}","templated":true}]}}