{"id":14,"date":"2023-03-01T12:39:22","date_gmt":"2023-03-01T09:39:22","guid":{"rendered":"https:\/\/lev.com.tr\/?page_id=14"},"modified":"2023-03-02T09:16:04","modified_gmt":"2023-03-02T06:16:04","slug":"contact","status":"publish","type":"page","link":"https:\/\/lev.com.tr\/?page_id=14","title":{"rendered":"\u0130leti\u015fim"},"content":{"rendered":"\n<div class=\"is-layout-flex wp-container-2 wp-block-columns alignfull\">\n<div class=\"is-layout-flow wp-block-column\">\n<iframe src=\"https:\/\/www.google.com\/maps\/embed?pb=!1m18!1m12!1m3!1d3795.2095018762175!2d34.65715822457017!3d37.96256706757941!2m3!1f0!2f0!3f0!3m2!1i1024!2i768!4f13.1!3m3!1m2!1s0x1529e770450b0c5b%3A0x42bd27a07284afdc!2zTGV2IMOnZXZyZSBkYW7EscWfbWFubMSxaw!5e0!3m2!1str!2str!4v1677737481189!5m2!1str!2str\" width=\"1000\" height=\"450\" style=\"border:0;\" allowfullscreen=\"\" loading=\"lazy\" referrerpolicy=\"no-referrer-when-downgrade\"><\/iframe>\n\n\n\n<p><\/p>\n<\/div>\n<\/div>\n\n\n\n<div class=\"is-layout-flex wp-container-9 wp-block-columns container\">\n<div class=\"is-layout-flow wp-block-column is-vertically-aligned-center\">\n<h2 class=\"hestia-title\">Mesaj g\u00f6nder<\/h2>\n\n\n\n<div style=\"height:40px\" aria-hidden=\"true\" class=\"wp-block-spacer\"><\/div>\n\n\n\n<div class=\"contact-wrapper\">\n\t\t\t\t\t\t\t\t\t\t\t\t\t\t\t\t\t\t\t<div class=\"content\">\n\t\t\t\n\t\t\t  <form>\n\t\t\t   <div class=\"form-group\">\n\t\t\t    <input type=\"text\" id=\"fname\" name=\"firstname\" placeholder=\"\u0130sminiz\">\n\t\t\t<\/div>\n\t\t\t<div class=\"form-group\">\n\t\t\t    <input type=\"text\" id=\"lname\" name=\"lastname\" placeholder=\"Soyad\u0131n\u0131z\">\n\t\t\t<\/div>\n\t\t\t<div class=\"form-group\">\n\t\t\t    <textarea id=\"subject\" name=\"subject\" placeholder=\"Konu\" style=\"height:200px\"><\/textarea>\n\t\t\t<\/div>\n\t\t\t    <input type=\"submit\" value=\"G\u00f6nder\">\n\t\t\t\n\t\t\t  <\/form>\n\t\t\t<\/div>\n\t\t\t<\/div>\n<\/div>\n\n\n\n<div class=\"is-layout-flow wp-block-column is-vertically-aligned-center\">\n<div class=\"is-layout-flex wp-container-7 wp-block-columns\">\n<div class=\"is-layout-flow wp-block-column\"><\/div>\n\n\n\n<div class=\"is-layout-flow wp-block-column\" style=\"flex-basis:50%\">\n<h4 class=\"has-text-align-left hestia-title has-text-color\" style=\"color:#3c4858;font-size:18px\"><img decoding=\"async\" class=\"wp-image-86\" style=\"width: 25px;\" src=\"https:\/\/lev.com.tr\/wp-content\/themes\/hestia\/assets\/img\/contact1.png\" alt=\"Map icon\">  Adresimiz<\/h4>\n\n\n\n<p class=\"has-text-align-left has-text-color\" style=\"color:#999999;font-size:14px\">A\u015eA\u011eI KAYABA\u015eI MAH KAPICIO\u011eLU SOKAK NO:15A-1 \u0130ST\u0130KBAL YANI  MERKEZ\/N\u0130\u011eDE<\/p>\n\n\n\n<div style=\"height:40px\" aria-hidden=\"true\" class=\"wp-block-spacer\"><\/div>\n\n\n\n<h4 class=\"has-text-align-left hestia-title has-text-color\" style=\"color:#3c4858;font-size:18px\"><img decoding=\"async\" class=\"wp-image-98\" style=\"width: 25px;\" src=\"https:\/\/lev.com.tr\/wp-content\/themes\/hestia\/assets\/img\/contact2.png\" alt=\"\">  Telefon &#8211; Mail<\/h4>\n\n\n\n<p class=\"has-text-align-left has-text-color\" style=\"color:#999999;font-size:14px\"><strong>0543 831 11 80<\/strong><\/p>\n\n\n\n<p>nigde@lev.com.tr<\/p>\n\n\n\n<div style=\"height:40px\" aria-hidden=\"true\" class=\"wp-block-spacer\"><\/div>\n\n\n\n<h4 class=\"has-text-align-left hestia-title has-text-color\" style=\"color:#3c4858;font-size:18px\"><\/h4>\n<\/div>\n\n\n\n<div class=\"is-layout-flow wp-block-column\"><\/div>\n<\/div>\n<\/div>\n<\/div>\n\n\n\n<p><\/p>\n\n\n\n<p><\/p>\n","protected":false},"excerpt":{"rendered":"<p>Mesaj g\u00f6nder Adresimiz A\u015eA\u011eI KAYABA\u015eI MAH KAPICIO\u011eLU SOKAK NO:15A-1 \u0130ST\u0130KBAL YANI MERKEZ\/N\u0130\u011eDE Telefon &#8211; Mail 0543 831 11 80 nigde@lev.com.tr<\/p>\n","protected":false},"author":1,"featured_media":6,"parent":0,"menu_order":0,"comment_status":"closed","ping_status":"closed","template":"page-templates\/template-pagebuilder-full-width.php","meta":[],"_links":{"self":[{"href":"https:\/\/lev.com.tr\/index.php?rest_route=\/wp\/v2\/pages\/14"}],"collection":[{"href":"https:\/\/lev.com.tr\/index.php?rest_route=\/wp\/v2\/pages"}],"about":[{"href":"https:\/\/lev.com.tr\/index.php?rest_route=\/wp\/v2\/types\/page"}],"author":[{"embeddable":true,"href":"https:\/\/lev.com.tr\/index.php?rest_route=\/wp\/v2\/users\/1"}],"replies":[{"embeddable":true,"href":"https:\/\/lev.com.tr\/index.php?rest_route=%2Fwp%2Fv2%2Fcomments&post=14"}],"version-history":[{"count":18,"href":"https:\/\/lev.com.tr\/index.php?rest_route=\/wp\/v2\/pages\/14\/revisions"}],"predecessor-version":[{"id":208,"href":"https:\/\/lev.com.tr\/index.php?rest_route=\/wp\/v2\/pages\/14\/revisions\/208"}],"wp:featuredmedia":[{"embeddable":true,"href":"https:\/\/lev.com.tr\/index.php?rest_route=\/wp\/v2\/media\/6"}],"wp:attachment":[{"href":"https:\/\/lev.com.tr\/index.php?rest_route=%2Fwp%2Fv2%2Fmedia&parent=14"}],"curies":[{"name":"wp","href":"https:\/\/api.w.org\/{rel}","templated":true}]}}