{"id":147,"date":"2023-03-01T21:58:21","date_gmt":"2023-03-01T18:58:21","guid":{"rendered":"https:\/\/lev.com.tr\/?page_id=147"},"modified":"2023-03-01T21:58:25","modified_gmt":"2023-03-01T18:58:25","slug":"sifir-atik","status":"publish","type":"page","link":"https:\/\/lev.com.tr\/?page_id=147","title":{"rendered":"SIFIR ATIK"},"content":{"rendered":"\n<figure class=\"wp-block-image size-full\"><img decoding=\"async\" loading=\"lazy\" width=\"1000\" height=\"600\" src=\"https:\/\/lev.com.tr\/wp-content\/uploads\/2023\/03\/53-9-1000x600-1.jpg\" alt=\"\" class=\"wp-image-148\" srcset=\"https:\/\/lev.com.tr\/wp-content\/uploads\/2023\/03\/53-9-1000x600-1.jpg 1000w, https:\/\/lev.com.tr\/wp-content\/uploads\/2023\/03\/53-9-1000x600-1-300x180.jpg 300w, https:\/\/lev.com.tr\/wp-content\/uploads\/2023\/03\/53-9-1000x600-1-768x461.jpg 768w\" sizes=\"(max-width: 1000px) 100vw, 1000px\" \/><\/figure>\n\n\n\n<h2>S\u0131f\u0131r At\u0131k Hizmetimiz<\/h2>\n\n\n\n<h3>S\u0131f\u0131r At\u0131k Nedir?<\/h3>\n\n\n\n<p>\u201cS\u0131f\u0131r At\u0131k\u201d; israf\u0131n \u00f6nlenmesini, kaynaklar\u0131n daha verimli kullan\u0131lmas\u0131n\u0131, at\u0131k olu\u015fum sebeplerinin g\u00f6zden ge\u00e7irilerek at\u0131k olu\u015fumunun engellenmesi veya minimize edilmesi, at\u0131\u011f\u0131n olu\u015fmas\u0131 durumunda ise kayna\u011f\u0131nda ayr\u0131 toplanmas\u0131 ve geri kazan\u0131m\u0131n\u0131n sa\u011flanmas\u0131n\u0131 kapsayan at\u0131k y\u00f6netim felsefesi olarak tan\u0131mlanan bir hedeftir.<\/p>\n\n\n\n<h3>S\u0131f\u0131r At\u0131k Hizmetimiz Hakk\u0131nda<\/h3>\n\n\n\n<p>At\u0131klar\u0131n geri d\u00f6n\u00fc\u015f\u00fcm ve geri kazan\u0131m s\u00fcreci i\u00e7inde de\u011ferlendirilmeden bertaraf\u0131 hem maddesel hem de enerji olarak ciddi kaynak kay\u0131plar\u0131 ya\u015fanmas\u0131na neden olmaktad\u0131r. D\u00fcnya \u00fczerindeki n\u00fcfus ve ya\u015fam standartlar\u0131 artarken t\u00fcketimde de ka\u00e7\u0131n\u0131lmaz \u015fekilde bir art\u0131\u015f ya\u015fanmakta ve bu durum do\u011fal kaynaklar\u0131m\u0131z \u00fczerindeki bask\u0131y\u0131 art\u0131rarak d\u00fcnyan\u0131n dengesini bozmakta, s\u0131n\u0131rl\u0131 kaynaklar\u0131m\u0131z artan ihtiya\u00e7lara yeti\u015fememektedir. Bu durum g\u00f6z \u00f6n\u00fcne al\u0131nd\u0131\u011f\u0131nda, do\u011fal kaynaklar\u0131n verimli kullan\u0131lmas\u0131n\u0131n \u00f6nemi daha da ortaya \u00e7\u0131kmaktad\u0131r. Bu nedenledir ki son y\u0131llarda t\u00fcm d\u00fcnyada s\u0131f\u0131r at\u0131k uygulama \u00e7al\u0131\u015fmalar\u0131 hem bireysel hem kurumsal hem de belediye genelinde yayg\u0131nla\u015fmaktad\u0131r.<\/p>\n\n\n\n<h3>S\u0131f\u0131r at\u0131k yakla\u015f\u0131m\u0131n\u0131n esas al\u0131nmas\u0131 ile sa\u011flanacak avantajlar;<\/h3>\n\n\n\n<p>\u2756 Verimlili\u011fin artmas\u0131,<br>\u2756 Temiz ortam kaynakl\u0131 olarak performans\u0131n artmas\u0131,<br>\u2756 \u0130sraf\u0131n \u00f6n\u00fcne ge\u00e7ildi\u011finden maliyetlerin azalt\u0131lmas\u0131,<br>\u2756 \u00c7evresel risklerin azalmas\u0131n\u0131n sa\u011flanmas\u0131,<br>\u2756 \u00c7evre koruma bilincinin kurum b\u00fcnyesinde geli\u015fmesine katk\u0131 sa\u011fland\u0131\u011f\u0131ndan \u00e7al\u0131\u015fanlar\u0131n \u201cduyarl\u0131 t\u00fcketici\u201d duygusuna sahip olmas\u0131n\u0131n sa\u011flanmas\u0131,<br>\u2756 Ulusal ve uluslararas\u0131 pazarlarda kurumun \u201c\u00c7evreci\u201d s\u0131fat\u0131na sahip olmas\u0131n\u0131n sa\u011flanmas\u0131, bu sayede sayg\u0131nl\u0131\u011f\u0131n\u0131n artt\u0131r\u0131lmas\u0131d\u0131r.<br>Nilsu, s\u0131f\u0131r at\u0131k konusunda kurumuza dan\u0131\u015fmanl\u0131k hizmeti sunmaktad\u0131r.<br>S\u0131f\u0131r At\u0131k Y\u00f6netmeli\u011fi EK-1\u2019e g\u00f6re kurum\/ kurulu\u015flar\/ i\u015fletmeler a\u015fa\u011f\u0131da verildi\u011fi \u015fekli ile grupland\u0131r\u0131lm\u0131\u015f ve Uygulamaya Ge\u00e7i\u015f Y\u0131llar\u0131 a\u00e7\u0131klanm\u0131\u015ft\u0131r.<\/p>\n\n\n\n<p>Buna g\u00f6re;<br>&nbsp;<\/p>\n\n\n\n<p><strong>A)MAHALL\u0130 \u0130DARELER \u0130\u00c7\u0130N UYGULAMA TAKV\u0130M\u0130<\/strong><\/p>\n\n\n\n<figure class=\"wp-block-table\"><table><tbody><tr><td>&nbsp;<\/td><td><strong>SIFIR ATIK Y\u00d6NET\u0130M S\u0130STEM\u0130NE GE\u00c7MES\u0130 GEREKENLER<\/strong><\/td><td><strong>S\u0130STEME GE\u00c7\u0130\u015eLER\u0130N TAMAMLANMASI \u0130\u00c7\u0130N SON TAR\u0130H<\/strong><\/td><\/tr><tr><td><strong>1.GRUP<\/strong><\/td><td>\u00b7&nbsp;&nbsp;<strong>B\u00fcy\u00fck\u015fehir \u0130l\u00e7e Belediyeleri<\/strong>&nbsp;250.000 N\u00fcfus ve&nbsp; \u00fczeri<\/td><td>31 Aral\u0131k 2020<\/td><\/tr><tr><td><strong>2.GRUP<\/strong><\/td><td>\u00b7&nbsp;&nbsp;<strong>B\u00fcy\u00fck\u015fehir \u0130l\u00e7e Belediyeleri<\/strong>&nbsp;250.000 N\u00fcfus alt\u0131\u00b7&nbsp;&nbsp;<strong>B\u00fcy\u00fck\u015fehir d\u0131\u015f\u0131ndaki \u0130l, il\u00e7e, Belde Belediyeleri<\/strong>\u0130l Merkez \u0130l\u00e7e BelediyeleriBelediye Birlikleri<\/td><td>31 Aral\u0131k 2021<\/td><\/tr><tr><td><strong>3.GRUP<\/strong><\/td><td>\u00b7&nbsp;&nbsp;<strong>B\u00fcy\u00fck\u015fehir d\u0131\u015f\u0131ndaki \u0130l, il\u00e7e, Belde Belediyeleri<\/strong>&nbsp;\u0130l Merkez \u0130l\u00e7e Belediyeleri D\u0131\u015f\u0131ndaki Di\u011fer Belediyeler\u00b7&nbsp;&nbsp;<strong>\u0130l \u00d6zel \u0130dareleri<\/strong>M\u00fccavir Alan D\u0131\u015f\u0131<\/td><td>31 Aral\u0131k 2022<\/td><\/tr><\/tbody><\/table><\/figure>\n\n\n\n<p><strong>A)B\u0130NA VE YERLE\u015eKELER \u0130\u00c7\u0130N UYGULAMA TAKV\u0130M\u0130<\/strong><\/p>\n\n\n\n<figure class=\"wp-block-table\"><table><tbody><tr><td>&nbsp;<\/td><td><strong>SIFIR ATIK Y\u00d6NET\u0130M S\u0130STEM\u0130NE GE\u00c7MES\u0130 GEREKENLER<\/strong><\/td><td><strong>S\u0130STEME GE\u00c7\u0130\u015eLER\u0130N TAMAMLANMASI \u0130\u00c7\u0130N SON TAR\u0130H<\/strong><\/td><\/tr><tr><td><strong>1.GRUP<\/strong><\/td><td>\u00b7&nbsp;&nbsp;<strong>Kamu Kurum ve Kurulu\u015flar\u0131<\/strong><\/td><td>1 Haziran 2020<\/td><\/tr><tr><td><strong>2.GRUP<\/strong><\/td><td>\u00b7&nbsp;&nbsp;<strong>Organize Sanayi B\u00f6lgeleri<\/strong>&nbsp;\u00b7&nbsp;&nbsp;<strong>Havalimanlar\u0131<\/strong>\u00b7&nbsp;&nbsp;<strong>Limanlar<\/strong>\u00b7&nbsp;&nbsp;<strong>\u0130\u015f Merkezi ve Ticari Plazalar<\/strong>100 ve \u00fczeri ofis\/b\u00fcro kapasiteli\u00b7&nbsp;&nbsp;<strong>Al\u0131\u015fveri\u015f Merkezleri<\/strong>5000metrekare ve \u00fczeri\u00b7&nbsp;<strong>\u00c7ED Y\u00f6netmeli\u011finin EK-1 Listesinde Yer Alan Sanayi Tesisleri<\/strong>\u00b7&nbsp;<strong>E\u011fitim Kurumlar\u0131 Ve Yurtlar<\/strong>250 ve daha fazla \u00f6\u011frencisi bulunan\u00b7&nbsp;<strong>100 Oda Ve \u00dcst\u00fc Konaklama Kapasiteli \u0130\u015fletmeler<\/strong>\u00b7&nbsp;<strong>Sa\u011fl\u0131k Kurulu\u015flar\u0131<\/strong>100 yatak ve \u00fczeri kapasiteli\u00b7&nbsp;<strong>Akaryak\u0131t \u0130stasyonlar\u0131 Ve Dinlenme Tesisleri<\/strong>\u00b7&nbsp;<strong>300 Ve \u00dczeri Konuta Sahip Siteler<\/strong>\u00b7&nbsp;<strong>Zincir Marketler<\/strong><\/td><td>31 Aral\u0131k 2020<\/td><\/tr><tr><td><strong>3.GRUP<\/strong><\/td><td>\u00b7&nbsp;&nbsp;<strong>Al\u0131\u015fveri\u015f Merkezleri<\/strong>&nbsp;1000-4999 metrekare\u00b7&nbsp;<strong>\u00c7ED Y\u00f6netmeli\u011finin EK-2 Listesinde Yer Alan Sanayi Tesisleri<\/strong>\u00b7&nbsp;&nbsp;<strong>\u0130\u015f Merkezi ve Ticari Plazalar<\/strong>20-99 aras\u0131 ofis\/b\u00fcro kapasiteli\u00b7&nbsp;<strong>E\u011fitim Kurumlar\u0131 Ve Yurtlar<\/strong>50-249 aras\u0131 \u00f6\u011frencisi bulunan\u00b7&nbsp;<strong>50-99 Aras\u0131 Oda Konaklama Kapasiteli \u0130\u015fletmeler<\/strong>\u00b7&nbsp;<strong>Sa\u011fl\u0131k Kurulu\u015flar\u0131<\/strong>50-99 aras\u0131 yatak kapasiteli\u00b7&nbsp;<strong>Tren ve Otob\u00fcs Terminalleri<\/strong><\/td><td>31 Aral\u0131k 2021<\/td><\/tr><tr><td><strong>4.GRUP<\/strong><\/td><td>\u00b7&nbsp;&nbsp;<strong>Al\u0131\u015fveri\u015f Merkezleri<\/strong>&nbsp;1000 metrekareden az\u00b7&nbsp;<strong>E\u011fitim Kurumlar\u0131 Ve Yurtlar<\/strong>50\u2019den az \u00f6\u011frencisi bulunan\u00b7&nbsp;<strong>50\u2019den Az Oda Konaklama Kapasiteli \u0130\u015fletmeler<\/strong>\u00b7&nbsp;<strong>Sa\u011fl\u0131k Kurulu\u015flar\u0131<\/strong>50\u2019den az yatak kapasiteli<\/td><\/tr><\/tbody><\/table><\/figure>\n","protected":false},"excerpt":{"rendered":"<p>S\u0131f\u0131r At\u0131k Hizmetimiz S\u0131f\u0131r At\u0131k Nedir? \u201cS\u0131f\u0131r At\u0131k\u201d; israf\u0131n \u00f6nlenmesini, kaynaklar\u0131n daha verimli kullan\u0131lmas\u0131n\u0131, at\u0131k olu\u015fum sebeplerinin g\u00f6zden ge\u00e7irilerek at\u0131k olu\u015fumunun engellenmesi veya minimize edilmesi, at\u0131\u011f\u0131n olu\u015fmas\u0131 durumunda ise kayna\u011f\u0131nda ayr\u0131 toplanmas\u0131 ve geri kazan\u0131m\u0131n\u0131n sa\u011flanmas\u0131n\u0131 kapsayan at\u0131k y\u00f6netim felsefesi olarak tan\u0131mlanan bir hedeftir. S\u0131f\u0131r At\u0131k Hizmetimiz Hakk\u0131nda At\u0131klar\u0131n geri [&hellip;]<\/p>\n","protected":false},"author":1,"featured_media":0,"parent":0,"menu_order":0,"comment_status":"closed","ping_status":"closed","template":"","meta":[],"_links":{"self":[{"href":"https:\/\/lev.com.tr\/index.php?rest_route=\/wp\/v2\/pages\/147"}],"collection":[{"href":"https:\/\/lev.com.tr\/index.php?rest_route=\/wp\/v2\/pages"}],"about":[{"href":"https:\/\/lev.com.tr\/index.php?rest_route=\/wp\/v2\/types\/page"}],"author":[{"embeddable":true,"href":"https:\/\/lev.com.tr\/index.php?rest_route=\/wp\/v2\/users\/1"}],"replies":[{"embeddable":true,"href":"https:\/\/lev.com.tr\/index.php?rest_route=%2Fwp%2Fv2%2Fcomments&post=147"}],"version-history":[{"count":1,"href":"https:\/\/lev.com.tr\/index.php?rest_route=\/wp\/v2\/pages\/147\/revisions"}],"predecessor-version":[{"id":149,"href":"https:\/\/lev.com.tr\/index.php?rest_route=\/wp\/v2\/pages\/147\/revisions\/149"}],"wp:attachment":[{"href":"https:\/\/lev.com.tr\/index.php?rest_route=%2Fwp%2Fv2%2Fmedia&parent=147"}],"curies":[{"name":"wp","href":"https:\/\/api.w.org\/{rel}","templated":true}]}}