{"id":157,"date":"2023-03-01T22:05:56","date_gmt":"2023-03-01T19:05:56","guid":{"rendered":"https:\/\/lev.com.tr\/?page_id=157"},"modified":"2023-03-01T22:05:56","modified_gmt":"2023-03-01T19:05:56","slug":"cevresel-risk-analizi","status":"publish","type":"page","link":"https:\/\/lev.com.tr\/?page_id=157","title":{"rendered":"\u00c7EVRESEL R\u0130SK ANAL\u0130Z\u0130"},"content":{"rendered":"\n<figure class=\"wp-block-image size-large\"><img decoding=\"async\" loading=\"lazy\" width=\"1024\" height=\"680\" src=\"https:\/\/lev.com.tr\/wp-content\/uploads\/2023\/03\/environmental-protection-1024x680.jpg\" alt=\"\" class=\"wp-image-158\" srcset=\"https:\/\/lev.com.tr\/wp-content\/uploads\/2023\/03\/environmental-protection-1024x680.jpg 1024w, https:\/\/lev.com.tr\/wp-content\/uploads\/2023\/03\/environmental-protection-300x199.jpg 300w, https:\/\/lev.com.tr\/wp-content\/uploads\/2023\/03\/environmental-protection-768x510.jpg 768w, https:\/\/lev.com.tr\/wp-content\/uploads\/2023\/03\/environmental-protection-360x240.jpg 360w, https:\/\/lev.com.tr\/wp-content\/uploads\/2023\/03\/environmental-protection.jpg 1200w\" sizes=\"(max-width: 1024px) 100vw, 1024px\" \/><\/figure>\n\n\n\n<p>Gizli \u00e7evresel risk ta\u015f\u0131yan sahalar\u0131n t\u00fcm y\u00f6nleriyle kolayca alg\u0131lanmas\u0131n\u0131 ve kavranmas\u0131n\u0131 sa\u011flamak amac\u0131yla,<\/p>\n\n\n\n<ul>\n<li>***Saha Durum ve Risk De\u011ferlendirmesi \u00d6n Raporu<\/li>\n\n\n\n<li>***Saha Durum ve Risk De\u011ferlendirmesi Nihai Raporu olu\u015fturabilmek i\u00e7in,<\/li>\n<\/ul>\n\n\n\n<p>Birinci A\u015fama De\u011ferlendirme kademesinde derlenen bilgilerden ba\u015flayarak, \u0130kinci A\u015fama De\u011ferlendirmede sahada elde edilecek kirlilik kayna\u011f\u0131, kirleticilerin kaynaktan yay\u0131l\u0131m mekanizmalar\u0131, kirletici \u00e7e\u015fitleri, kirletici da\u011f\u0131l\u0131m alanlar\u0131 ve ta\u015f\u0131n\u0131m g\u00fczergahlar\u0131, kirlilikten dolay\u0131 risk alt\u0131ndaki muhtemel al\u0131c\u0131 noktalar veya ortamlar ile, mevcut belirsizlikleri ve zaman i\u00e7erisinde elde edilebilecek fiziksel, kimyasal ve hidrojeolojik bilgileri de kapsayacak \u015fekilde, saha ve civar\u0131ndaki \u00e7evresel ko\u015fullar\u0131n dinamik bir s\u00fcre\u00e7 i\u00e7erisinde tan\u0131mlanmas\u0131, formlar, &nbsp;a\u00e7\u0131klay\u0131c\u0131 \u00e7izelgeler \u00fczerinde g\u00f6sterilmesidir.<\/p>\n\n\n\n<p>Ya\u011f End\u00fcstrisi,akaryak\u0131t ve ya\u011f depolamas\u0131 yapan firmalar , Akaryak\u0131t istasyonlar\u0131 ve otomobil servis istasyonlar\u0131 , fabrikalar (Tekstil, Boya, Metal, Petrokimya vs. ) ihtiya\u00e7 duyulur.<\/p>\n\n\n\n<ul>\n<li>*Saha ve Kirlilik Karakterizasyonu<\/li>\n\n\n\n<li>*Jenerik Risk De\u011ferlendirmesi<\/li>\n\n\n\n<li>*Sahaya \u00d6zg\u00fc Risk De\u011ferlendirmesi<\/li>\n<\/ul>\n\n\n\n<p>Risk analizi sonu\u00e7lar\u0131n\u0131n ortaya koydu\u011fu tehlike potansiyeline g\u00f6re mevcut durumun k\u00f6t\u00fcle\u015fmemesi i\u00e7in saha ve \u00e7evresi g\u00f6zlem alt\u0131na al\u0131nabilir ve iyile\u015ftirilme i\u015flemi ger\u00e7ekle\u015ftirilebilir.<\/p>\n\n\n\n<p>Karar vericiler i\u00e7in aksi takdirde karma\u015f\u0131k dizilerin g\u00f6z \u00f6n\u00fcne al\u0131nmas\u0131 olacak olan, \u00c7evresel Risk Y\u00f6netimi i\u00e7in bir d\u00f6ng\u00fcsel \u00e7er\u00e7eve yap\u0131s\u0131 \u00f6nerilmi\u015ftir. Bu \u00e7er\u00e7eve ayn\u0131 anda uluslararas\u0131 de\u011ferde \u00e7evresel risk de\u011ferlendirilmesi ve y\u00f6netimi s\u00fcreci i\u00e7erisinde bir mekanizma sunmaktad\u0131r.<\/p>\n","protected":false},"excerpt":{"rendered":"<p>Gizli \u00e7evresel risk ta\u015f\u0131yan sahalar\u0131n t\u00fcm y\u00f6nleriyle kolayca alg\u0131lanmas\u0131n\u0131 ve kavranmas\u0131n\u0131 sa\u011flamak amac\u0131yla, Birinci A\u015fama De\u011ferlendirme kademesinde derlenen bilgilerden ba\u015flayarak, \u0130kinci A\u015fama De\u011ferlendirmede sahada elde edilecek kirlilik kayna\u011f\u0131, kirleticilerin kaynaktan yay\u0131l\u0131m mekanizmalar\u0131, kirletici \u00e7e\u015fitleri, kirletici da\u011f\u0131l\u0131m alanlar\u0131 ve ta\u015f\u0131n\u0131m g\u00fczergahlar\u0131, kirlilikten dolay\u0131 risk alt\u0131ndaki muhtemel al\u0131c\u0131 noktalar veya ortamlar ile, [&hellip;]<\/p>\n","protected":false},"author":1,"featured_media":0,"parent":0,"menu_order":0,"comment_status":"closed","ping_status":"closed","template":"","meta":[],"_links":{"self":[{"href":"https:\/\/lev.com.tr\/index.php?rest_route=\/wp\/v2\/pages\/157"}],"collection":[{"href":"https:\/\/lev.com.tr\/index.php?rest_route=\/wp\/v2\/pages"}],"about":[{"href":"https:\/\/lev.com.tr\/index.php?rest_route=\/wp\/v2\/types\/page"}],"author":[{"embeddable":true,"href":"https:\/\/lev.com.tr\/index.php?rest_route=\/wp\/v2\/users\/1"}],"replies":[{"embeddable":true,"href":"https:\/\/lev.com.tr\/index.php?rest_route=%2Fwp%2Fv2%2Fcomments&post=157"}],"version-history":[{"count":1,"href":"https:\/\/lev.com.tr\/index.php?rest_route=\/wp\/v2\/pages\/157\/revisions"}],"predecessor-version":[{"id":159,"href":"https:\/\/lev.com.tr\/index.php?rest_route=\/wp\/v2\/pages\/157\/revisions\/159"}],"wp:attachment":[{"href":"https:\/\/lev.com.tr\/index.php?rest_route=%2Fwp%2Fv2%2Fmedia&parent=157"}],"curies":[{"name":"wp","href":"https:\/\/api.w.org\/{rel}","templated":true}]}}