{"id":190,"date":"2023-03-01T23:15:39","date_gmt":"2023-03-01T20:15:39","guid":{"rendered":"https:\/\/lev.com.tr\/?page_id=190"},"modified":"2023-03-01T23:15:39","modified_gmt":"2023-03-01T20:15:39","slug":"ced-raporu","status":"publish","type":"page","link":"https:\/\/lev.com.tr\/?page_id=190","title":{"rendered":"\u00c7ED RAPORU"},"content":{"rendered":"\n<figure class=\"wp-block-image size-large\"><img decoding=\"async\" loading=\"lazy\" width=\"1024\" height=\"577\" src=\"https:\/\/lev.com.tr\/wp-content\/uploads\/2023\/03\/FjX8UvtX0AA-Xkf-1024x577.jpg\" alt=\"\" class=\"wp-image-191\" srcset=\"https:\/\/lev.com.tr\/wp-content\/uploads\/2023\/03\/FjX8UvtX0AA-Xkf-1024x577.jpg 1024w, https:\/\/lev.com.tr\/wp-content\/uploads\/2023\/03\/FjX8UvtX0AA-Xkf-300x169.jpg 300w, https:\/\/lev.com.tr\/wp-content\/uploads\/2023\/03\/FjX8UvtX0AA-Xkf-768x432.jpg 768w, https:\/\/lev.com.tr\/wp-content\/uploads\/2023\/03\/FjX8UvtX0AA-Xkf-1536x865.jpg 1536w, https:\/\/lev.com.tr\/wp-content\/uploads\/2023\/03\/FjX8UvtX0AA-Xkf.jpg 2048w\" sizes=\"(max-width: 1024px) 100vw, 1024px\" \/><\/figure>\n\n\n\n<p>\u00c7evresel Etki De\u011ferlendirme, ger\u00e7ekle\u015ftirilmesi planlanan projelerin \u00e7evreye olabilecek olumlu ve olumsuz etkilerinin belirlenmesinde, olumsuz y\u00f6ndeki etkilerin \u00f6nlenmesi ya da \u00e7evreye zarar vermeyecek \u00f6l\u00e7\u00fcde en aza indirilmesi i\u00e7in al\u0131nacak \u00f6nlemlerin, se\u00e7ilen yer ile teknoloji alternatiflerinin belirlenerek de\u011ferlendirilmesinde ve projelerin uygulanmas\u0131n\u0131n izlenmesi ve kontrol\u00fcnde s\u00fcrd\u00fcr\u00fclecek \u00e7al\u0131\u015fmalar\u0131 kapsamaktad\u0131r.<\/p>\n\n\n\n<p>\u00b7&nbsp;&nbsp;&nbsp;&nbsp;&nbsp;&nbsp;&nbsp;&nbsp;&nbsp;Planlanan faaliyetin \u00c7ED Y\u00f6netmeli\u011fi kapsam\u0131nda olup olmad\u0131\u011f\u0131, \u00c7evresel Etki De\u011ferlendirmesi Y\u00f6netmeli\u011fi\u2019nin Ek-I ve Ek-II Listeleri do\u011frultusunda \u00c7evre ve \u015eehircilik Bakanl\u0131\u011f\u0131\/\u00c7evre ve \u015eehircilik \u0130l M\u00fcd\u00fcrl\u00fc\u011f\u00fc taraf\u0131ndan belirlenir.<\/p>\n\n\n\n<p>Kapsam belirlemek i\u00e7in \u00c7ED Firmalar\u0131\/Yat\u0131r\u0131mc\u0131 taraf\u0131ndan Proje \u00d6zeti haz\u0131rlanarak \u00c7evre ve \u015eehircilik Bakanl\u0131\u011f\u0131\/\u00c7evre ve \u015eehircilik \u0130l M\u00fcd\u00fcrl\u00fc\u011f\u00fc\u2019ne sunulur veya faaliyet \u00c7ED firmalar\u0131 taraf\u0131ndan de\u011ferlendirilerek Proje Tan\u0131t\u0131m Dosyas\u0131 veya \u00c7ED Raporu haz\u0131rlanmas\u0131na karar verilir.<\/p>\n\n\n\n<p>\u00c7ED Y\u00f6netmeli\u011fi EK-I ve EK-II listelerinde yer almayan faaliyetler i\u00e7in \u00c7ED Y\u00f6netmeli\u011fi Kapsam D\u0131\u015f\u0131 oldu\u011funa dair yaz\u0131 al\u0131n\u0131r.<\/p>\n\n\n\n<p>\u00b7&nbsp;&nbsp;&nbsp;&nbsp;&nbsp;&nbsp;&nbsp;&nbsp;&nbsp;(\u00c7ED Y\u00f6netmeli\u011fi Ek-II Listesine Tabi Projeler)<\/p>\n\n\n\n<p>\u00c7evresel Etki De\u011ferlendirmesinin gerekli olup olmad\u0131\u011f\u0131n\u0131n ara\u015ft\u0131r\u0131lmas\u0131 amac\u0131yla&nbsp; \u00c7ED Y\u00f6netmeli\u011fi EK-II kapsam\u0131ndaki projeler i\u00e7in \u00c7ED Firmalar\u0131 taraf\u0131ndan haz\u0131rlanan Proje Tan\u0131t\u0131m Dosyas\u0131 (PTD) faaliyet yerinin&nbsp; ba\u011fl\u0131 bulundu\u011fu \u00c7evre ve \u015eehircilik \u0130l M\u00fcd\u00fcrl\u00fc\u011f\u00fc\u2019ne sunulur.<\/p>\n\n\n\n<p>\u00c7evre ve \u015eehircilik \u0130l M\u00fcd\u00fcrl\u00fc\u011f\u00fc taraf\u0131ndan s\u00fcreci ba\u015flat\u0131lan dosya teknik personel taraf\u0131ndan incelenir, yerine yap\u0131lan teknik gezi ile devam ettirilir. Planlanan faaliyetin \u00e7evresel etkileri g\u00f6z \u00f6n\u00fcnde bulundurularak Kamu Kurum ve Kurulu\u015flar\u0131na proje hakk\u0131nda g\u00f6r\u00fc\u015f sorulabilir.<\/p>\n\n\n\n<p>\u00c7evre ve \u015eehircilik \u0130l M\u00fcd\u00fcrl\u00fc\u011f\u00fc taraf\u0131ndan yap\u0131lan de\u011ferlendirme sonucu projeye ait \u00c7ED Gerekli De\u011fildir veya \u00c7ED Gereklidir karar\u0131 verilir.<\/p>\n\n\n\n<p>\u00b7&nbsp;&nbsp;&nbsp;&nbsp;&nbsp;&nbsp;&nbsp;&nbsp;&nbsp;(\u00c7ED Y\u00f6netmeli\u011fi Ek-I Listesine Tabi Projeler)<\/p>\n\n\n\n<p>\u00c7ED Y\u00f6netmeli\u011fi EK-1 kapsam\u0131ndaki projeler i\u00e7in haz\u0131rlanan \u00c7ED Ba\u015fvuru Raporu \u00c7evre ve \u015eehircilik Bakanl\u0131\u011f\u0131\u2019na sunulur. Bakanl\u0131k taraf\u0131ndan incelenen \u00c7ED Ba\u015fvuru Raporu\u2019nun uygun bulunmas\u0131 durumunda Bakanl\u0131k taraf\u0131ndan belirlenen yer ve saatte y\u00f6re halk\u0131n\u0131n kat\u0131laca\u011f\u0131 Halk\u0131n Kat\u0131l\u0131m Toplant\u0131s\u0131 ger\u00e7ekle\u015ftirilir. Daha sonra \u00c7evre ve \u015eehircilik Bakanl\u0131\u011f\u0131 taraf\u0131ndan verilen \u00d6zel Format dahilinde \u00c7ED Raporu haz\u0131rlan\u0131r. Haz\u0131rlanan \u00c7ED Raporu Bakanl\u0131\u011fa sunulur ve Bakanl\u0131k taraf\u0131ndan olu\u015fan komisyon \u00fcyelerinin kat\u0131l\u0131m\u0131 ile \u0130nceleme De\u011ferlendirme Komisyonu Toplant\u0131s\u0131 ger\u00e7ekle\u015ftirilir. \u0130nceleme De\u011ferlendirme<\/p>\n\n\n\n<p>Komisyonu\u2019nun Rapor hakk\u0131ndaki g\u00f6r\u00fc\u015fleri esas al\u0131narak, Bakanl\u0131k taraf\u0131ndan \u201c\u00c7ED Olumlu Karar\u0131\u201d ya da \u201c\u00c7ED Olumsuz Karar\u0131\u201d verilir.<\/p>\n\n\n\n<p>\u00b7&nbsp;&nbsp;&nbsp;&nbsp;&nbsp;&nbsp;&nbsp;&nbsp;&nbsp;Bakanl\u0131k, \u201c\u00c7ED Olumlu\u201d karar\u0131 veya \u201c\u00c7ED Gerekli De\u011fildir\u201d karar\u0131 verilen projelerle ilgili olarak, \u00c7ED Raporu veya Proje Tan\u0131t\u0131m Dosyas\u0131nda \u00f6ng\u00f6r\u00fclen ve proje sahibi taraf\u0131ndan taahh\u00fct edilen hususlar\u0131n yerine getirilip getirilmedi\u011fini izler ve kontrol eder.<\/p>\n\n\n\n<p>Proje sahibi, \u201c\u00c7ED Olumlu\u201d karar\u0131n\u0131 ald\u0131ktan sonra yat\u0131r\u0131m\u0131n ba\u015flang\u0131\u00e7 ve in\u015faat d\u00f6nemine ili\u015fkin izleme raporlar\u0131n\u0131 Bakanl\u0131k\u00e7a yetkilendirilmi\u015f kurum ve kurulu\u015flara yapt\u0131rmakla, Bakanl\u0131k\u00e7a yetkilendirilmi\u015f kurum ve kurulu\u015flar da bu raporlar\u0131 Bakanl\u0131\u011fa sunmakla y\u00fck\u00fcml\u00fcd\u00fcr.<\/p>\n","protected":false},"excerpt":{"rendered":"<p>\u00c7evresel Etki De\u011ferlendirme, ger\u00e7ekle\u015ftirilmesi planlanan projelerin \u00e7evreye olabilecek olumlu ve olumsuz etkilerinin belirlenmesinde, olumsuz y\u00f6ndeki etkilerin \u00f6nlenmesi ya da \u00e7evreye zarar vermeyecek \u00f6l\u00e7\u00fcde en aza indirilmesi i\u00e7in al\u0131nacak \u00f6nlemlerin, se\u00e7ilen yer ile teknoloji alternatiflerinin belirlenerek de\u011ferlendirilmesinde ve projelerin uygulanmas\u0131n\u0131n izlenmesi ve kontrol\u00fcnde s\u00fcrd\u00fcr\u00fclecek \u00e7al\u0131\u015fmalar\u0131 kapsamaktad\u0131r. \u00b7&nbsp;&nbsp;&nbsp;&nbsp;&nbsp;&nbsp;&nbsp;&nbsp;&nbsp;Planlanan faaliyetin \u00c7ED Y\u00f6netmeli\u011fi kapsam\u0131nda [&hellip;]<\/p>\n","protected":false},"author":1,"featured_media":0,"parent":0,"menu_order":0,"comment_status":"closed","ping_status":"closed","template":"","meta":[],"_links":{"self":[{"href":"https:\/\/lev.com.tr\/index.php?rest_route=\/wp\/v2\/pages\/190"}],"collection":[{"href":"https:\/\/lev.com.tr\/index.php?rest_route=\/wp\/v2\/pages"}],"about":[{"href":"https:\/\/lev.com.tr\/index.php?rest_route=\/wp\/v2\/types\/page"}],"author":[{"embeddable":true,"href":"https:\/\/lev.com.tr\/index.php?rest_route=\/wp\/v2\/users\/1"}],"replies":[{"embeddable":true,"href":"https:\/\/lev.com.tr\/index.php?rest_route=%2Fwp%2Fv2%2Fcomments&post=190"}],"version-history":[{"count":1,"href":"https:\/\/lev.com.tr\/index.php?rest_route=\/wp\/v2\/pages\/190\/revisions"}],"predecessor-version":[{"id":192,"href":"https:\/\/lev.com.tr\/index.php?rest_route=\/wp\/v2\/pages\/190\/revisions\/192"}],"wp:attachment":[{"href":"https:\/\/lev.com.tr\/index.php?rest_route=%2Fwp%2Fv2%2Fmedia&parent=190"}],"curies":[{"name":"wp","href":"https:\/\/api.w.org\/{rel}","templated":true}]}}