{"id":293,"date":"2023-05-08T11:28:35","date_gmt":"2023-05-08T08:28:35","guid":{"rendered":"https:\/\/lev.com.tr\/?page_id=293"},"modified":"2023-05-08T11:28:36","modified_gmt":"2023-05-08T08:28:36","slug":"analiz-talep-formu","status":"publish","type":"page","link":"https:\/\/lev.com.tr\/?page_id=293","title":{"rendered":"Analiz Talep Formu"},"content":{"rendered":"<div class=\"wpforms-container wpforms-container-full\" id=\"wpforms-285\"><form id=\"wpforms-form-285\" class=\"wpforms-validate wpforms-form wpforms-ajax-form\" data-formid=\"285\" method=\"post\" enctype=\"multipart\/form-data\" action=\"\/index.php?rest_route=%2Fwp%2Fv2%2Fpages%2F293\" data-token=\"9f9ccc602d5df941edd362a6ee648883\"><noscript class=\"wpforms-error-noscript\">Please enable JavaScript in your browser to complete this form.<\/noscript><div class=\"wpforms-field-container\"><div id=\"wpforms-285-field_1-container\" class=\"wpforms-field wpforms-field-name\" data-field-id=\"1\"><label class=\"wpforms-field-label\" for=\"wpforms-285-field_1\">ANAL\u0130Z TALEP FORMU<\/label><div class=\"wpforms-field-row wpforms-field-large\"><div class=\"wpforms-field-row-block wpforms-first wpforms-one-half\"><input type=\"text\" id=\"wpforms-285-field_1\" class=\"wpforms-field-name-first\" name=\"wpforms[fields][1][first]\" ><label for=\"wpforms-285-field_1\" class=\"wpforms-field-sublabel after \">First<\/label><\/div><div class=\"wpforms-field-row-block wpforms-one-half\"><input type=\"text\" id=\"wpforms-285-field_1-last\" class=\"wpforms-field-name-last\" name=\"wpforms[fields][1][last]\" ><label for=\"wpforms-285-field_1-last\" class=\"wpforms-field-sublabel after \">Last<\/label><\/div><\/div><\/div><div id=\"wpforms-285-field_9-container\" class=\"wpforms-field wpforms-field-text\" data-field-id=\"9\"><label class=\"wpforms-field-label\" for=\"wpforms-285-field_9\">M\u00fc\u015fteri Ad\u0131 <span class=\"wpforms-required-label\">*<\/span><\/label><input type=\"text\" id=\"wpforms-285-field_9\" class=\"wpforms-field-large wpforms-field-required\" name=\"wpforms[fields][9]\" required><\/div><div id=\"wpforms-285-field_3-container\" class=\"wpforms-field wpforms-field-text\" data-field-id=\"3\"><label class=\"wpforms-field-label\" for=\"wpforms-285-field_3\">\u00dcretim Konusu <span class=\"wpforms-required-label\">*<\/span><\/label><input type=\"text\" id=\"wpforms-285-field_3\" class=\"wpforms-field-medium wpforms-field-required\" name=\"wpforms[fields][3]\" required><\/div><div id=\"wpforms-285-field_5-container\" class=\"wpforms-field wpforms-field-text\" data-field-id=\"5\"><label class=\"wpforms-field-label\" for=\"wpforms-285-field_5\">M\u00fc\u015fteri Adresi <span class=\"wpforms-required-label\">*<\/span><\/label><input type=\"text\" id=\"wpforms-285-field_5\" class=\"wpforms-field-medium wpforms-field-required\" name=\"wpforms[fields][5]\" required><\/div><div id=\"wpforms-285-field_4-container\" class=\"wpforms-field wpforms-field-text\" data-field-id=\"4\"><label class=\"wpforms-field-label\" for=\"wpforms-285-field_4\">\u0130lgili Ki\u015fi (G\u00f6revi) <span class=\"wpforms-required-label\">*<\/span><\/label><input type=\"text\" id=\"wpforms-285-field_4\" class=\"wpforms-field-medium wpforms-field-required\" name=\"wpforms[fields][4]\" required><\/div><div id=\"wpforms-285-field_6-container\" class=\"wpforms-field wpforms-field-text\" data-field-id=\"6\"><label class=\"wpforms-field-label\" for=\"wpforms-285-field_6\">Faaliyetin Bulundu\u011fu Yer <span class=\"wpforms-required-label\">*<\/span><\/label><input type=\"text\" id=\"wpforms-285-field_6\" class=\"wpforms-field-medium wpforms-field-required\" name=\"wpforms[fields][6]\" required><\/div><div id=\"wpforms-285-field_43-container\" class=\"wpforms-field wpforms-field-text\" data-field-id=\"43\"><label class=\"wpforms-field-label\" for=\"wpforms-285-field_43\">Tel\/Faks <span class=\"wpforms-required-label\">*<\/span><\/label><input type=\"text\" id=\"wpforms-285-field_43\" class=\"wpforms-field-medium wpforms-field-required\" name=\"wpforms[fields][43]\" required><\/div><div id=\"wpforms-285-field_44-container\" class=\"wpforms-field wpforms-field-text\" data-field-id=\"44\"><label class=\"wpforms-field-label\" for=\"wpforms-285-field_44\">E-Mail <span class=\"wpforms-required-label\">*<\/span><\/label><input type=\"text\" id=\"wpforms-285-field_44\" class=\"wpforms-field-medium wpforms-field-required\" name=\"wpforms[fields][44]\" required><\/div><div id=\"wpforms-285-field_15-container\" class=\"wpforms-field wpforms-field-checkbox wpforms-list-2-columns\" data-field-id=\"15\"><label class=\"wpforms-field-label\" for=\"wpforms-285-field_15\">Talep Edilen Analizler<\/label><ul id=\"wpforms-285-field_15\"><li class=\"choice-1 depth-1 wpforms-selected\"><input type=\"checkbox\" id=\"wpforms-285-field_15_1\" name=\"wpforms[fields][15][]\" value=\"Yanma Gaz\u0131   (o2,co,co2,nox,so2)    EPA CTM 022* - TS 12039*\"   checked='checked'><label class=\"wpforms-field-label-inline\" for=\"wpforms-285-field_15_1\">Yanma Gaz\u0131   (o2,co,co2,nox,so2)    EPA CTM 022* - TS 12039*<\/label><\/li><li class=\"choice-5 depth-1\"><input type=\"checkbox\" id=\"wpforms-285-field_15_5\" name=\"wpforms[fields][15][]\" value=\"\u0130slilik     TS 9503*\"  ><label class=\"wpforms-field-label-inline\" for=\"wpforms-285-field_15_5\">\u0130slilik     TS 9503*<\/label><\/li><li class=\"choice-4 depth-1\"><input type=\"checkbox\" id=\"wpforms-285-field_15_4\" name=\"wpforms[fields][15][]\" value=\"Toz      TS EN 13284-1-EPA METOT 17-EPA METOT 5\"  ><label class=\"wpforms-field-label-inline\" for=\"wpforms-285-field_15_4\">Toz      TS EN 13284-1-EPA METOT 17-EPA METOT 5<\/label><\/li><li class=\"choice-3 depth-1\"><input type=\"checkbox\" id=\"wpforms-285-field_15_3\" name=\"wpforms[fields][15][]\" value=\"Nem-H\u0131z     Epa Metot 4-EPA Metot 2 *-TS ISO 10780 *\"  ><label class=\"wpforms-field-label-inline\" for=\"wpforms-285-field_15_3\">Nem-H\u0131z     Epa Metot 4-EPA Metot 2 *-TS ISO 10780 *<\/label><\/li><li class=\"choice-2 depth-1\"><input type=\"checkbox\" id=\"wpforms-285-field_15_2\" name=\"wpforms[fields][15][]\" value=\"pm10        EPA 40 CFR 50 AppJ\"  ><label class=\"wpforms-field-label-inline\" for=\"wpforms-285-field_15_2\">pm10        EPA 40 CFR 50 AppJ<\/label><\/li><li class=\"choice-35 depth-1\"><input type=\"checkbox\" id=\"wpforms-285-field_15_35\" name=\"wpforms[fields][15][]\" value=\"\u00c7\u00f6ken Toz      TS 2342\"  ><label class=\"wpforms-field-label-inline\" for=\"wpforms-285-field_15_35\">\u00c7\u00f6ken Toz      TS 2342<\/label><\/li><li class=\"choice-36 depth-1\"><input type=\"checkbox\" id=\"wpforms-285-field_15_36\" name=\"wpforms[fields][15][]\" value=\"A\u011f\u0131r Metal        Epa Metot 29-TS EN 14385\"  ><label class=\"wpforms-field-label-inline\" for=\"wpforms-285-field_15_36\">A\u011f\u0131r Metal        Epa Metot 29-TS EN 14385<\/label><\/li><li class=\"choice-37 depth-1\"><input type=\"checkbox\" id=\"wpforms-285-field_15_37\" name=\"wpforms[fields][15][]\" value=\"Formaldehit      Epa Metot 323\"  ><label class=\"wpforms-field-label-inline\" for=\"wpforms-285-field_15_37\">Formaldehit      Epa Metot 323<\/label><\/li><li class=\"choice-38 depth-1\"><input type=\"checkbox\" id=\"wpforms-285-field_15_38\" name=\"wpforms[fields][15][]\" value=\"H\u2082SO\u2084, SO\u2082, SO\u2083      Epa 8 \"  ><label class=\"wpforms-field-label-inline\" for=\"wpforms-285-field_15_38\">H\u2082SO\u2084, SO\u2082, SO\u2083      Epa 8 <\/label><\/li><li class=\"choice-39 depth-1\"><input type=\"checkbox\" id=\"wpforms-285-field_15_39\" name=\"wpforms[fields][15][]\" value=\"HCI, HF, HBr, Cl2, Br\u2082      EPA 26 A\"  ><label class=\"wpforms-field-label-inline\" for=\"wpforms-285-field_15_39\">HCI, HF, HBr, Cl2, Br\u2082      EPA 26 A<\/label><\/li><li class=\"choice-40 depth-1\"><input type=\"checkbox\" id=\"wpforms-285-field_15_40\" name=\"wpforms[fields][15][]\" value=\"Krom\u207a\u2076        CARB 425\"  ><label class=\"wpforms-field-label-inline\" for=\"wpforms-285-field_15_40\">Krom\u207a\u2076        CARB 425<\/label><\/li><li class=\"choice-41 depth-1\"><input type=\"checkbox\" id=\"wpforms-285-field_15_41\" name=\"wpforms[fields][15][]\" value=\"NH\u2083         EPA CTM 027\"  ><label class=\"wpforms-field-label-inline\" for=\"wpforms-285-field_15_41\">NH\u2083         EPA CTM 027<\/label><\/li><li class=\"choice-42 depth-1\"><input type=\"checkbox\" id=\"wpforms-285-field_15_42\" name=\"wpforms[fields][15][]\" value=\"Siyan\u00fcrler       CARB 426\"  ><label class=\"wpforms-field-label-inline\" for=\"wpforms-285-field_15_42\">Siyan\u00fcrler       CARB 426<\/label><\/li><li class=\"choice-43 depth-1\"><input type=\"checkbox\" id=\"wpforms-285-field_15_43\" name=\"wpforms[fields][15][]\" value=\"VOC       TSE CEN\/TS 13649\"  ><label class=\"wpforms-field-label-inline\" for=\"wpforms-285-field_15_43\">VOC       TSE CEN\/TS 13649<\/label><\/li><\/ul><\/div><div id=\"wpforms-285-field_42-container\" class=\"wpforms-field wpforms-field-textarea\" data-field-id=\"42\"><label class=\"wpforms-field-label\" for=\"wpforms-285-field_42\">Analizlerle \u0130lgili Di\u011fer Talepler<\/label><textarea id=\"wpforms-285-field_42\" class=\"wpforms-field-medium\" name=\"wpforms[fields][42]\" ><\/textarea><\/div><\/div><div class=\"wpforms-submit-container\"><input type=\"hidden\" name=\"wpforms[id]\" value=\"285\"><input type=\"hidden\" name=\"wpforms[author]\" value=\"1\"><button type=\"submit\" name=\"wpforms[submit]\" id=\"wpforms-submit-285\" class=\"wpforms-submit\" data-alt-text=\"G\u00f6nder...\" data-submit-text=\"G\u00f6nder\" aria-live=\"assertive\" value=\"wpforms-submit\">G\u00f6nder<\/button><img src=\"https:\/\/lev.com.tr\/wp-content\/plugins\/wpforms-lite\/assets\/images\/submit-spin.svg\" class=\"wpforms-submit-spinner\" style=\"display: none;\" width=\"26\" height=\"26\" alt=\"Loading\"><\/div><\/form><\/div>  <!-- .wpforms-container -->","protected":false},"excerpt":{"rendered":"","protected":false},"author":1,"featured_media":0,"parent":0,"menu_order":0,"comment_status":"closed","ping_status":"closed","template":"","meta":[],"_links":{"self":[{"href":"https:\/\/lev.com.tr\/index.php?rest_route=\/wp\/v2\/pages\/293"}],"collection":[{"href":"https:\/\/lev.com.tr\/index.php?rest_route=\/wp\/v2\/pages"}],"about":[{"href":"https:\/\/lev.com.tr\/index.php?rest_route=\/wp\/v2\/types\/page"}],"author":[{"embeddable":true,"href":"https:\/\/lev.com.tr\/index.php?rest_route=\/wp\/v2\/users\/1"}],"replies":[{"embeddable":true,"href":"https:\/\/lev.com.tr\/index.php?rest_route=%2Fwp%2Fv2%2Fcomments&post=293"}],"version-history":[{"count":1,"href":"https:\/\/lev.com.tr\/index.php?rest_route=\/wp\/v2\/pages\/293\/revisions"}],"predecessor-version":[{"id":294,"href":"https:\/\/lev.com.tr\/index.php?rest_route=\/wp\/v2\/pages\/293\/revisions\/294"}],"wp:attachment":[{"href":"https:\/\/lev.com.tr\/index.php?rest_route=%2Fwp%2Fv2%2Fmedia&parent=293"}],"curies":[{"name":"wp","href":"https:\/\/api.w.org\/{rel}","templated":true}]}}